{"id":17,"date":"2022-02-07T11:14:39","date_gmt":"2022-02-07T11:14:39","guid":{"rendered":"http:\/\/localhost\/finanix\/?page_id=17"},"modified":"2024-05-31T19:21:59","modified_gmt":"2024-05-31T16:21:59","slug":"news","status":"publish","type":"page","link":"https:\/\/seymenmakina.com\/index.php\/news\/","title":{"rendered":"Bizden Haberler"},"content":{"rendered":"\t\t<div data-elementor-type=\"wp-page\" data-elementor-id=\"17\" class=\"elementor elementor-17\">\n\t\t\t\t<div class=\"elementor-element elementor-element-961b802 e-flex e-con-boxed e-con e-parent\" data-id=\"961b802\" data-element_type=\"container\">\n\t\t\t\t\t<div class=\"e-con-inner\">\n\t\t\t\t<div class=\"elementor-element elementor-element-59e143b elementor-widget elementor-widget-react-blog\" data-id=\"59e143b\" data-element_type=\"widget\" data-widget_type=\"react-blog.default\">\n\t\t\t\t<div class=\"elementor-widget-container\">\n\t\t\t         \r\n\t\t<div class=\"reactheme-blog-grid reactheme-blog-grid2\">            \r\n\t\t\t\r\n            <div class=\"row blog-gird-item\">\r\n                \r\n\t\t\t \t\t\t\t\t\t\r\n\t\t\t\t\t<div class=\"grid-item col-lg-4  filter_business \">\r\n\r\n                        <div class=\"align-items-center no-gutter blog-item reactheme-blog-grid1\">\r\n\r\n    <div class=\"col-md-12\">\r\n        <div class=\"image-part\">\r\n            <a href=\"https:\/\/seymenmakina.com\/index.php\/2022\/02\/22\/finance-audit-helps-your-profit-secure-if-you-scale-properly\/\">\r\n                <img fetchpriority=\"high\" decoding=\"async\" width=\"640\" height=\"323\" src=\"https:\/\/seymenmakina.com\/wp-content\/uploads\/2022\/02\/4-1-1024x516.jpg\" class=\"attachment-large size-large wp-post-image\" alt=\"\" srcset=\"https:\/\/seymenmakina.com\/wp-content\/uploads\/2022\/02\/4-1-1024x516.jpg 1024w, https:\/\/seymenmakina.com\/wp-content\/uploads\/2022\/02\/4-1-300x151.jpg 300w, https:\/\/seymenmakina.com\/wp-content\/uploads\/2022\/02\/4-1-768x387.jpg 768w, https:\/\/seymenmakina.com\/wp-content\/uploads\/2022\/02\/4-1.jpg 1290w\" sizes=\"(max-width: 640px) 100vw, 640px\" \/>            <\/a> \r\n        <\/div>\r\n             <\/div>\r\n    <div class=\"col-md-12\">\r\n        <div class=\"blog-content\">        \r\n                       <ul class=\"blog-meta\">\r\n                                                        <li> 22 \u015eubat 2022<\/li>\r\n                                                                <\/ul>\r\n                       \r\n            <h3 class=\"title dd\"><a href=\"https:\/\/seymenmakina.com\/index.php\/2022\/02\/22\/finance-audit-helps-your-profit-secure-if-you-scale-properly\/\">Finance Helps Your Profit Secure if You Scale Properly<\/a><\/h3>\r\n                            <p class=\"txt\">A great commerce experience cannot be distilled to a single number. It\u2019s not a Lighthouse score, or a set of...<\/p>\r\n                                        <div class=\"btn-part\">\r\n                    <a class=\"readon-arrow\" href=\"https:\/\/seymenmakina.com\/index.php\/2022\/02\/22\/finance-audit-helps-your-profit-secure-if-you-scale-properly\/\">\r\n                        Devam\u0131n\u0131 G\u00f6r <i class=\"fa fa fa-angle-right\"><\/i>\r\n                    <\/a>\r\n                <\/div>\r\n                    <\/div>\r\n    <\/div>\r\n<\/div>                            \r\n                    <\/div>\r\n\t\t\t\t\t\t\t\t\t\t\r\n\t\t\t\t\t<div class=\"grid-item col-lg-4  filter_business \">\r\n\r\n                        <div class=\"align-items-center no-gutter blog-item reactheme-blog-grid1\">\r\n\r\n    <div class=\"col-md-12\">\r\n        <div class=\"image-part\">\r\n            <a href=\"https:\/\/seymenmakina.com\/index.php\/2022\/02\/22\/business-makes-your-profit-double-if-you-scale-properly\/\">\r\n                <img decoding=\"async\" width=\"640\" height=\"323\" src=\"https:\/\/seymenmakina.com\/wp-content\/uploads\/2022\/02\/3-1-1024x516.jpg\" class=\"attachment-large size-large wp-post-image\" alt=\"\" srcset=\"https:\/\/seymenmakina.com\/wp-content\/uploads\/2022\/02\/3-1-1024x516.jpg 1024w, https:\/\/seymenmakina.com\/wp-content\/uploads\/2022\/02\/3-1-300x151.jpg 300w, https:\/\/seymenmakina.com\/wp-content\/uploads\/2022\/02\/3-1-768x387.jpg 768w, https:\/\/seymenmakina.com\/wp-content\/uploads\/2022\/02\/3-1.jpg 1290w\" sizes=\"(max-width: 640px) 100vw, 640px\" \/>            <\/a> \r\n        <\/div>\r\n             <\/div>\r\n    <div class=\"col-md-12\">\r\n        <div class=\"blog-content\">        \r\n                       <ul class=\"blog-meta\">\r\n                                                        <li> 22 \u015eubat 2022<\/li>\r\n                                                                <\/ul>\r\n                       \r\n            <h3 class=\"title dd\"><a href=\"https:\/\/seymenmakina.com\/index.php\/2022\/02\/22\/business-makes-your-profit-double-if-you-scale-properly\/\">Business Makes Your Profit Double if You Scale Properly<\/a><\/h3>\r\n                            <p class=\"txt\">A great commerce experience cannot be distilled to a single number. It\u2019s not a Lighthouse score, or a set of...<\/p>\r\n                                        <div class=\"btn-part\">\r\n                    <a class=\"readon-arrow\" href=\"https:\/\/seymenmakina.com\/index.php\/2022\/02\/22\/business-makes-your-profit-double-if-you-scale-properly\/\">\r\n                        Devam\u0131n\u0131 G\u00f6r <i class=\"fa fa fa-angle-right\"><\/i>\r\n                    <\/a>\r\n                <\/div>\r\n                    <\/div>\r\n    <\/div>\r\n<\/div>                            \r\n                    <\/div>\r\n\t\t\t\t\t\t\t\t\t\t\r\n\t\t\t\t\t<div class=\"grid-item col-lg-4  filter_finance \">\r\n\r\n                        <div class=\"align-items-center no-gutter blog-item reactheme-blog-grid1\">\r\n\r\n    <div class=\"col-md-12\">\r\n        <div class=\"image-part\">\r\n            <a href=\"https:\/\/seymenmakina.com\/index.php\/2022\/02\/22\/designing-machine-interfaces-for-vehicles-of-the-future\/\">\r\n                <img decoding=\"async\" width=\"640\" height=\"323\" src=\"https:\/\/seymenmakina.com\/wp-content\/uploads\/2022\/02\/2-1-1024x516.jpg\" class=\"attachment-large size-large wp-post-image\" alt=\"\" srcset=\"https:\/\/seymenmakina.com\/wp-content\/uploads\/2022\/02\/2-1-1024x516.jpg 1024w, https:\/\/seymenmakina.com\/wp-content\/uploads\/2022\/02\/2-1-300x151.jpg 300w, https:\/\/seymenmakina.com\/wp-content\/uploads\/2022\/02\/2-1-768x387.jpg 768w, https:\/\/seymenmakina.com\/wp-content\/uploads\/2022\/02\/2-1.jpg 1290w\" sizes=\"(max-width: 640px) 100vw, 640px\" \/>            <\/a> \r\n        <\/div>\r\n             <\/div>\r\n    <div class=\"col-md-12\">\r\n        <div class=\"blog-content\">        \r\n                       <ul class=\"blog-meta\">\r\n                                                        <li> 22 \u015eubat 2022<\/li>\r\n                                                                <\/ul>\r\n                       \r\n            <h3 class=\"title dd\"><a href=\"https:\/\/seymenmakina.com\/index.php\/2022\/02\/22\/designing-machine-interfaces-for-vehicles-of-the-future\/\">Designing Machine Intering For Vehicles Of The Future<\/a><\/h3>\r\n                            <p class=\"txt\">A great commerce experience cannot be distilled to a single number. It\u2019s not a Lighthouse score, or a set of...<\/p>\r\n                                        <div class=\"btn-part\">\r\n                    <a class=\"readon-arrow\" href=\"https:\/\/seymenmakina.com\/index.php\/2022\/02\/22\/designing-machine-interfaces-for-vehicles-of-the-future\/\">\r\n                        Devam\u0131n\u0131 G\u00f6r <i class=\"fa fa fa-angle-right\"><\/i>\r\n                    <\/a>\r\n                <\/div>\r\n                    <\/div>\r\n    <\/div>\r\n<\/div>                            \r\n                    <\/div>\r\n\t\t\t\t\t\t\t\t\t\t\r\n\t\t\t\t\t<div class=\"grid-item col-lg-4  filter_consulting \">\r\n\r\n                        <div class=\"align-items-center no-gutter blog-item reactheme-blog-grid1\">\r\n\r\n    <div class=\"col-md-12\">\r\n        <div class=\"image-part\">\r\n            <a href=\"https:\/\/seymenmakina.com\/index.php\/2022\/02\/17\/core-on-web-vitals-a-smashing-magazine-case-study\/\">\r\n                <img loading=\"lazy\" decoding=\"async\" width=\"640\" height=\"323\" src=\"https:\/\/seymenmakina.com\/wp-content\/uploads\/2022\/02\/1-1-1024x516.jpg\" class=\"attachment-large size-large wp-post-image\" alt=\"\" srcset=\"https:\/\/seymenmakina.com\/wp-content\/uploads\/2022\/02\/1-1-1024x516.jpg 1024w, https:\/\/seymenmakina.com\/wp-content\/uploads\/2022\/02\/1-1-300x151.jpg 300w, https:\/\/seymenmakina.com\/wp-content\/uploads\/2022\/02\/1-1-768x387.jpg 768w, https:\/\/seymenmakina.com\/wp-content\/uploads\/2022\/02\/1-1.jpg 1290w\" sizes=\"(max-width: 640px) 100vw, 640px\" \/>            <\/a> \r\n        <\/div>\r\n             <\/div>\r\n    <div class=\"col-md-12\">\r\n        <div class=\"blog-content\">        \r\n                       <ul class=\"blog-meta\">\r\n                                                        <li> 17 \u015eubat 2022<\/li>\r\n                                                                <\/ul>\r\n                       \r\n            <h3 class=\"title dd\"><a href=\"https:\/\/seymenmakina.com\/index.php\/2022\/02\/17\/core-on-web-vitals-a-smashing-magazine-case-study\/\">Core On Web Vitals, A Smas Magazine Case Study<\/a><\/h3>\r\n                            <p class=\"txt\">A great commerce experience cannot be distilled to a single number. It\u2019s not a Lighthouse score, or a set of...<\/p>\r\n                                        <div class=\"btn-part\">\r\n                    <a class=\"readon-arrow\" href=\"https:\/\/seymenmakina.com\/index.php\/2022\/02\/17\/core-on-web-vitals-a-smashing-magazine-case-study\/\">\r\n                        Devam\u0131n\u0131 G\u00f6r <i class=\"fa fa fa-angle-right\"><\/i>\r\n                    <\/a>\r\n                <\/div>\r\n                    <\/div>\r\n    <\/div>\r\n<\/div>                            \r\n                    <\/div>\r\n\t\t\t\t\t\t\t\t\t\t\r\n\t\t\t\t\t<div class=\"grid-item col-lg-4  filter_business \">\r\n\r\n                        <div class=\"align-items-center no-gutter blog-item reactheme-blog-grid1\">\r\n\r\n    <div class=\"col-md-12\">\r\n        <div class=\"image-part\">\r\n            <a href=\"https:\/\/seymenmakina.com\/index.php\/2022\/01\/21\/the-act-of-teaching-knowledge-to-others-the-act-of-kind-of-design-thinking\/\">\r\n                <img loading=\"lazy\" decoding=\"async\" width=\"640\" height=\"323\" src=\"https:\/\/seymenmakina.com\/wp-content\/uploads\/2022\/02\/6-1024x516.jpg\" class=\"attachment-large size-large wp-post-image\" alt=\"\" srcset=\"https:\/\/seymenmakina.com\/wp-content\/uploads\/2022\/02\/6-1024x516.jpg 1024w, https:\/\/seymenmakina.com\/wp-content\/uploads\/2022\/02\/6-300x151.jpg 300w, https:\/\/seymenmakina.com\/wp-content\/uploads\/2022\/02\/6-768x387.jpg 768w, https:\/\/seymenmakina.com\/wp-content\/uploads\/2022\/02\/6.jpg 1290w\" sizes=\"(max-width: 640px) 100vw, 640px\" \/>            <\/a> \r\n        <\/div>\r\n             <\/div>\r\n    <div class=\"col-md-12\">\r\n        <div class=\"blog-content\">        \r\n                       <ul class=\"blog-meta\">\r\n                                                        <li> 21 Ocak 2022<\/li>\r\n                                                                <\/ul>\r\n                       \r\n            <h3 class=\"title dd\"><a href=\"https:\/\/seymenmakina.com\/index.php\/2022\/01\/21\/the-act-of-teaching-knowledge-to-others-the-act-of-kind-of-design-thinking\/\">The act of knowledge to others &#038; the act of design thinking.<\/a><\/h3>\r\n                            <p class=\"txt\"><\/p>\r\n                                        <div class=\"btn-part\">\r\n                    <a class=\"readon-arrow\" href=\"https:\/\/seymenmakina.com\/index.php\/2022\/01\/21\/the-act-of-teaching-knowledge-to-others-the-act-of-kind-of-design-thinking\/\">\r\n                        Devam\u0131n\u0131 G\u00f6r <i class=\"fa fa fa-angle-right\"><\/i>\r\n                    <\/a>\r\n                <\/div>\r\n                    <\/div>\r\n    <\/div>\r\n<\/div>                            \r\n                    <\/div>\r\n\t\t\t\t\t                 \r\n                         \r\n                <\/div>   \r\n                               \r\n            \t    \r\n                              \r\n\t\t<\/div>\r\n\t   \t\t<\/div>\n\t\t\t\t<\/div>\n\t\t\t\t\t<\/div>\n\t\t\t\t<\/div>\n\t\t\t\t<\/div>\n\t\t","protected":false},"excerpt":{"rendered":"<p>31 May\u0131s 2024 Merhaba d\u00fcnya! WordPress&#8217;e ho\u015f geldiniz. Bu sizin ilk yaz\u0131n\u0131z. Bu yaz\u0131y\u0131 d\u00fczenleyin ya da silin. Sonra yazmaya ba\u015flay\u0131n! Devam\u0131n\u0131 G\u00f6r 22 \u015eubat 2022 Finance Helps Your Profit Secure if You Scale Properly A great commerce experience cannot be distilled to a single number. It\u2019s not a Lighthouse score, or a set of&#8230;&#8230;<\/p>\n","protected":false},"author":1,"featured_media":0,"parent":0,"menu_order":0,"comment_status":"closed","ping_status":"closed","template":"","meta":{"footnotes":""},"class_list":["post-17","page","type-page","status-publish","hentry"],"_links":{"self":[{"href":"https:\/\/seymenmakina.com\/index.php\/wp-json\/wp\/v2\/pages\/17","targetHints":{"allow":["GET"]}}],"collection":[{"href":"https:\/\/seymenmakina.com\/index.php\/wp-json\/wp\/v2\/pages"}],"about":[{"href":"https:\/\/seymenmakina.com\/index.php\/wp-json\/wp\/v2\/types\/page"}],"author":[{"embeddable":true,"href":"https:\/\/seymenmakina.com\/index.php\/wp-json\/wp\/v2\/users\/1"}],"replies":[{"embeddable":true,"href":"https:\/\/seymenmakina.com\/index.php\/wp-json\/wp\/v2\/comments?post=17"}],"version-history":[{"count":5,"href":"https:\/\/seymenmakina.com\/index.php\/wp-json\/wp\/v2\/pages\/17\/revisions"}],"predecessor-version":[{"id":5312,"href":"https:\/\/seymenmakina.com\/index.php\/wp-json\/wp\/v2\/pages\/17\/revisions\/5312"}],"wp:attachment":[{"href":"https:\/\/seymenmakina.com\/index.php\/wp-json\/wp\/v2\/media?parent=17"}],"curies":[{"name":"wp","href":"https:\/\/api.w.org\/{rel}","templated":true}]}}